{"id":20465,"date":"2022-03-29T18:37:23","date_gmt":"2022-03-29T16:37:23","guid":{"rendered":"https:\/\/immobiliaregalasso.it\/?page_id=20465"},"modified":"2022-05-03T16:08:55","modified_gmt":"2022-05-03T14:08:55","slug":"cosa-dicono-di-noi","status":"publish","type":"page","link":"https:\/\/immobiliaregalasso.it\/en\/cosa-dicono-di-noi\/","title":{"rendered":"Reviews"},"content":{"rendered":"<div data-elementor-type=\"wp-page\" data-elementor-id=\"20465\" class=\"elementor elementor-20465\" data-elementor-settings=\"[]\">\n\t\t\t\t\t\t\t<div class=\"elementor-section-wrap\">\n\t\t\t\t\t\t\t<section class=\"elementor-section elementor-top-section elementor-element elementor-element-82cf368 elementor-section-boxed elementor-section-height-default elementor-section-height-default\" data-id=\"82cf368\" data-element_type=\"section\">\n\t\t\t\t\t\t<div class=\"elementor-container elementor-column-gap-default\">\n\t\t\t\t\t<div class=\"elementor-column elementor-col-33 elementor-top-column elementor-element elementor-element-9ec1b6e\" data-id=\"9ec1b6e\" data-element_type=\"column\">\n\t\t\t<div class=\"elementor-widget-wrap elementor-element-populated\">\n\t\t\t\t\t\t\t\t<div class=\"elementor-element elementor-element-206ce6c elementor-aspect-ratio-43 elementor-widget elementor-widget-video\" data-id=\"206ce6c\" data-element_type=\"widget\" data-settings=\"{&quot;youtube_url&quot;:&quot;https:\\\/\\\/youtu.be\\\/rzkSTXfbqFw&quot;,&quot;aspect_ratio&quot;:&quot;43&quot;,&quot;video_type&quot;:&quot;youtube&quot;,&quot;controls&quot;:&quot;yes&quot;}\" data-widget_type=\"video.default\">\n\t\t\t\t<div class=\"elementor-widget-container\">\n\t\t\t<style>\/*! elementor - v3.5.6 - 28-02-2022 *\/\n.elementor-widget-video .elementor-widget-container{overflow:hidden;-webkit-transform:translateZ(0);transform:translateZ(0)}.elementor-widget-video .elementor-open-inline .elementor-custom-embed-image-overlay{position:absolute;top:0;left:0;width:100%;height:100%;-webkit-background-size:cover;background-size:cover;background-position:50%}.elementor-widget-video .elementor-custom-embed-image-overlay{cursor:pointer;text-align:center}.elementor-widget-video .elementor-custom-embed-image-overlay:hover .elementor-custom-embed-play i{opacity:1}.elementor-widget-video .elementor-custom-embed-image-overlay img{display:block;width:100%}.elementor-widget-video .e-hosted-video .elementor-video{-o-object-fit:cover;object-fit:cover}<\/style>\t\t<div class=\"elementor-wrapper elementor-fit-aspect-ratio elementor-open-inline\">\n\t\t\t<div class=\"elementor-video\"><\/div>\t\t<\/div>\n\t\t\t\t<\/div>\n\t\t\t\t<\/div>\n\t\t\t\t\t<\/div>\n\t\t<\/div>\n\t\t\t\t<div class=\"elementor-column elementor-col-33 elementor-top-column elementor-element elementor-element-87b07a0\" data-id=\"87b07a0\" data-element_type=\"column\">\n\t\t\t<div class=\"elementor-widget-wrap elementor-element-populated\">\n\t\t\t\t\t\t\t\t<div class=\"elementor-element elementor-element-52b794d elementor-aspect-ratio-43 elementor-widget elementor-widget-video\" data-id=\"52b794d\" data-element_type=\"widget\" data-settings=\"{&quot;youtube_url&quot;:&quot;https:\\\/\\\/youtu.be\\\/f9ohAd1QVMg&quot;,&quot;aspect_ratio&quot;:&quot;43&quot;,&quot;video_type&quot;:&quot;youtube&quot;,&quot;controls&quot;:&quot;yes&quot;}\" data-widget_type=\"video.default\">\n\t\t\t\t<div class=\"elementor-widget-container\">\n\t\t\t\t\t<div class=\"elementor-wrapper elementor-fit-aspect-ratio elementor-open-inline\">\n\t\t\t<div class=\"elementor-video\"><\/div>\t\t<\/div>\n\t\t\t\t<\/div>\n\t\t\t\t<\/div>\n\t\t\t\t\t<\/div>\n\t\t<\/div>\n\t\t\t\t<div class=\"elementor-column elementor-col-33 elementor-top-column elementor-element elementor-element-8b6c2b8\" data-id=\"8b6c2b8\" data-element_type=\"column\">\n\t\t\t<div class=\"elementor-widget-wrap elementor-element-populated\">\n\t\t\t\t\t\t\t\t<div class=\"elementor-element elementor-element-70e249d elementor-aspect-ratio-43 elementor-widget elementor-widget-video\" data-id=\"70e249d\" data-element_type=\"widget\" data-settings=\"{&quot;youtube_url&quot;:&quot;https:\\\/\\\/youtu.be\\\/DcqCIgIbK5A&quot;,&quot;aspect_ratio&quot;:&quot;43&quot;,&quot;video_type&quot;:&quot;youtube&quot;,&quot;controls&quot;:&quot;yes&quot;}\" data-widget_type=\"video.default\">\n\t\t\t\t<div class=\"elementor-widget-container\">\n\t\t\t\t\t<div class=\"elementor-wrapper elementor-fit-aspect-ratio elementor-open-inline\">\n\t\t\t<div class=\"elementor-video\"><\/div>\t\t<\/div>\n\t\t\t\t<\/div>\n\t\t\t\t<\/div>\n\t\t\t\t\t<\/div>\n\t\t<\/div>\n\t\t\t\t\t\t\t<\/div>\n\t\t<\/section>\n\t\t\t\t<section class=\"elementor-section elementor-top-section elementor-element elementor-element-3d93320a elementor-section-stretched elementor-section-boxed elementor-section-height-default elementor-section-height-default\" data-id=\"3d93320a\" data-element_type=\"section\" data-settings=\"{&quot;stretch_section&quot;:&quot;section-stretched&quot;,&quot;background_background&quot;:&quot;classic&quot;}\">\n\t\t\t\t\t\t\t<div class=\"elementor-background-overlay\"><\/div>\n\t\t\t\t\t\t\t<div class=\"elementor-container elementor-column-gap-default\">\n\t\t\t\t\t<div class=\"elementor-column elementor-col-100 elementor-top-column elementor-element elementor-element-16cce2c0\" data-id=\"16cce2c0\" data-element_type=\"column\">\n\t\t\t<div class=\"elementor-widget-wrap elementor-element-populated\">\n\t\t\t\t\t\t\t\t<section class=\"elementor-section elementor-inner-section elementor-element elementor-element-3a5dccea elementor-section-boxed elementor-section-height-default elementor-section-height-default elementor-invisible\" data-id=\"3a5dccea\" data-element_type=\"section\" data-settings=\"{&quot;animation&quot;:&quot;fadeIn&quot;,&quot;animation_delay&quot;:50}\">\n\t\t\t\t\t\t<div class=\"elementor-container elementor-column-gap-default\">\n\t\t\t\t\t<div class=\"elementor-column elementor-col-100 elementor-inner-column elementor-element elementor-element-8e82b25\" data-id=\"8e82b25\" data-element_type=\"column\">\n\t\t\t<div class=\"elementor-widget-wrap\">\n\t\t\t\t\t\t\t\t\t<\/div>\n\t\t<\/div>\n\t\t\t\t\t\t\t<\/div>\n\t\t<\/section>\n\t\t\t\t<section class=\"elementor-section elementor-inner-section elementor-element elementor-element-4b31414b elementor-section-boxed elementor-section-height-default elementor-section-height-default elementor-invisible\" data-id=\"4b31414b\" data-element_type=\"section\" data-settings=\"{&quot;animation&quot;:&quot;fadeIn&quot;,&quot;animation_delay&quot;:100}\">\n\t\t\t\t\t\t<div class=\"elementor-container elementor-column-gap-default\">\n\t\t\t\t\t<div class=\"elementor-column elementor-col-33 elementor-inner-column elementor-element elementor-element-7bafb0ae\" data-id=\"7bafb0ae\" data-element_type=\"column\">\n\t\t\t<div class=\"elementor-widget-wrap elementor-element-populated\">\n\t\t\t\t\t\t\t\t<div class=\"elementor-element elementor-element-7a7b3381 elementor-widget elementor-widget-WpResidence_Testimonial\" data-id=\"7a7b3381\" data-element_type=\"widget\" data-widget_type=\"WpResidence_Testimonial.default\">\n\t\t\t\t<div class=\"elementor-widget-container\">\n\t\t\t     <div class=\"testimonial-container type_class_4\">     <div class=\"testimonial-image\" style=\"background-image:url(https:\/\/immobiliaregalasso.it\/wp-content\/uploads\/2022\/03\/logo-facebook.png)\"><\/div>     <div class=\"testimonial-author-line\">Federica Nacci <\/div>     <div class=\"testimonial-location-line\">  <\/div>     <div class=\"testimonial-text\">We were looking for a property. We consulted various agencies, but we decided to trust Francesco and Meri. Here we found a lot of professionalism and cordiality. Francesco was able to guide us in our search, in complete tranquility and availability, without encountering problems, and all in a very short time!\n<\/div>     <div class=\"testimmonials_starts\"><i class=\"fas fa-star\"><\/i><i class=\"fas fa-star\"><\/i><i class=\"fas fa-star\"><\/i><i class=\"fas fa-star\"><\/i><i class=\"fas fa-star\"><\/i><\/div>     <\/div>\t\t<\/div>\n\t\t\t\t<\/div>\n\t\t\t\t\t<\/div>\n\t\t<\/div>\n\t\t\t\t<div class=\"elementor-column elementor-col-33 elementor-inner-column elementor-element elementor-element-7c6f7b88\" data-id=\"7c6f7b88\" data-element_type=\"column\">\n\t\t\t<div class=\"elementor-widget-wrap elementor-element-populated\">\n\t\t\t\t\t\t\t\t<div class=\"elementor-element elementor-element-6e92841c elementor-widget elementor-widget-WpResidence_Testimonial\" data-id=\"6e92841c\" data-element_type=\"widget\" data-widget_type=\"WpResidence_Testimonial.default\">\n\t\t\t\t<div class=\"elementor-widget-container\">\n\t\t\t     <div class=\"testimonial-container type_class_4\">     <div class=\"testimonial-image\" style=\"background-image:url(https:\/\/immobiliaregalasso.it\/wp-content\/uploads\/2022\/03\/logo-facebook.png)\"><\/div>     <div class=\"testimonial-author-line\">Raffle Gem <\/div>     <div class=\"testimonial-location-line\">  <\/div>     <div class=\"testimonial-text\">A truly efficient, helpful and collaborative agency. Even though I live 1000km away, Francesco and Meri followed me and satisfied my requests to the fullest, they are attentive to the customer&#039;s needs and stand out for their competence and professionalism. For every request they are able to provide the right solution.<\/div>     <div class=\"testimmonials_starts\"><i class=\"fas fa-star\"><\/i><i class=\"fas fa-star\"><\/i><i class=\"fas fa-star\"><\/i><i class=\"fas fa-star\"><\/i><i class=\"fas fa-star\"><\/i><\/div>     <\/div>\t\t<\/div>\n\t\t\t\t<\/div>\n\t\t\t\t\t<\/div>\n\t\t<\/div>\n\t\t\t\t<div class=\"elementor-column elementor-col-33 elementor-inner-column elementor-element elementor-element-e593a69\" data-id=\"e593a69\" data-element_type=\"column\">\n\t\t\t<div class=\"elementor-widget-wrap elementor-element-populated\">\n\t\t\t\t\t\t\t\t<div class=\"elementor-element elementor-element-11b414a0 elementor-widget elementor-widget-WpResidence_Testimonial\" data-id=\"11b414a0\" data-element_type=\"widget\" data-widget_type=\"WpResidence_Testimonial.default\">\n\t\t\t\t<div class=\"elementor-widget-container\">\n\t\t\t     <div class=\"testimonial-container type_class_4\">     <div class=\"testimonial-image\" style=\"background-image:url(https:\/\/immobiliaregalasso.it\/wp-content\/uploads\/2022\/03\/logo-facebook.png)\"><\/div>     <div class=\"testimonial-author-line\">Anthony Of Coste <\/div>     <div class=\"testimonial-location-line\">  <\/div>     <div class=\"testimonial-text\">Seriousness, competence and dedication to the customer were the fundamental points for entrusting ourselves to Galasso Immobiliare for the purchase of our first home. Francesco was kind, helpful and competent in accompanying us from the choice of the property to the notarial deed and, all done in a short time and without any difficulty. Highly recommended!!!!<\/div>     <div class=\"testimmonials_starts\"><i class=\"fas fa-star\"><\/i><i class=\"fas fa-star\"><\/i><i class=\"fas fa-star\"><\/i><i class=\"fas fa-star\"><\/i><i class=\"fas fa-star\"><\/i><\/div>     <\/div>\t\t<\/div>\n\t\t\t\t<\/div>\n\t\t\t\t\t<\/div>\n\t\t<\/div>\n\t\t\t\t\t\t\t<\/div>\n\t\t<\/section>\n\t\t\t\t<section class=\"elementor-section elementor-inner-section elementor-element elementor-element-2c3b23ae elementor-section-boxed elementor-section-height-default elementor-section-height-default elementor-invisible\" data-id=\"2c3b23ae\" data-element_type=\"section\" data-settings=\"{&quot;animation&quot;:&quot;fadeIn&quot;,&quot;animation_delay&quot;:200}\">\n\t\t\t\t\t\t<div class=\"elementor-container elementor-column-gap-default\">\n\t\t\t\t\t<div class=\"elementor-column elementor-col-33 elementor-inner-column elementor-element elementor-element-4c4a0ee7\" data-id=\"4c4a0ee7\" data-element_type=\"column\">\n\t\t\t<div class=\"elementor-widget-wrap elementor-element-populated\">\n\t\t\t\t\t\t\t\t<div class=\"elementor-element elementor-element-1d0a9dae elementor-widget elementor-widget-WpResidence_Testimonial\" data-id=\"1d0a9dae\" data-element_type=\"widget\" data-widget_type=\"WpResidence_Testimonial.default\">\n\t\t\t\t<div class=\"elementor-widget-container\">\n\t\t\t     <div class=\"testimonial-container type_class_4\">     <div class=\"testimonial-image\" style=\"background-image:url(https:\/\/immobiliaregalasso.it\/wp-content\/uploads\/2022\/03\/logo-facebook.png)\"><\/div>     <div class=\"testimonial-author-line\">Antonio Sternativo <\/div>     <div class=\"testimonial-location-line\">  <\/div>     <div class=\"testimonial-text\">Excellent agency, great professionalism, people willing to follow the customer with great courtesy and kindness, always available and patient, and ready to advise you based on your needs.\n<\/div>     <div class=\"testimmonials_starts\"><i class=\"fas fa-star\"><\/i><i class=\"fas fa-star\"><\/i><i class=\"fas fa-star\"><\/i><i class=\"fas fa-star\"><\/i><i class=\"fas fa-star\"><\/i><\/div>     <\/div>\t\t<\/div>\n\t\t\t\t<\/div>\n\t\t\t\t\t<\/div>\n\t\t<\/div>\n\t\t\t\t<div class=\"elementor-column elementor-col-33 elementor-inner-column elementor-element elementor-element-38132e9a\" data-id=\"38132e9a\" data-element_type=\"column\">\n\t\t\t<div class=\"elementor-widget-wrap elementor-element-populated\">\n\t\t\t\t\t\t\t\t<div class=\"elementor-element elementor-element-1ca892ca elementor-widget elementor-widget-WpResidence_Testimonial\" data-id=\"1ca892ca\" data-element_type=\"widget\" data-widget_type=\"WpResidence_Testimonial.default\">\n\t\t\t\t<div class=\"elementor-widget-container\">\n\t\t\t     <div class=\"testimonial-container type_class_4\">     <div class=\"testimonial-image\" style=\"background-image:url(https:\/\/immobiliaregalasso.it\/wp-content\/uploads\/2022\/03\/logo-facebook.png)\"><\/div>     <div class=\"testimonial-author-line\">Lucia Canovari  <\/div>     <div class=\"testimonial-location-line\">  <\/div>     <div class=\"testimonial-text\">I turned to him for the sale of an apartment! I must say that I was very happy with him! He is a very professional person, always kind and helpful. <\/div>     <div class=\"testimmonials_starts\"><i class=\"fas fa-star\"><\/i><i class=\"fas fa-star\"><\/i><i class=\"fas fa-star\"><\/i><i class=\"fas fa-star\"><\/i><i class=\"fas fa-star\"><\/i><\/div>     <\/div>\t\t<\/div>\n\t\t\t\t<\/div>\n\t\t\t\t\t<\/div>\n\t\t<\/div>\n\t\t\t\t<div class=\"elementor-column elementor-col-33 elementor-inner-column elementor-element elementor-element-3163ae5\" data-id=\"3163ae5\" data-element_type=\"column\">\n\t\t\t<div class=\"elementor-widget-wrap elementor-element-populated\">\n\t\t\t\t\t\t\t\t<div class=\"elementor-element elementor-element-f3b57a1 elementor-widget elementor-widget-WpResidence_Testimonial\" data-id=\"f3b57a1\" data-element_type=\"widget\" data-widget_type=\"WpResidence_Testimonial.default\">\n\t\t\t\t<div class=\"elementor-widget-container\">\n\t\t\t     <div class=\"testimonial-container type_class_4\">     <div class=\"testimonial-image\" style=\"background-image:url(https:\/\/immobiliaregalasso.it\/wp-content\/uploads\/2022\/03\/logo-facebook.png)\"><\/div>     <div class=\"testimonial-author-line\">Michael Maria Cal\u00f2 <\/div>     <div class=\"testimonial-location-line\">  <\/div>     <div class=\"testimonial-text\">thank you thank you thank you Galasso Immobiliare. Great professional in the sector. The highest possible rating. I highly recommend this agency \ud83d\udc4d\ud83d\udc4d\ud83d\udc4d<\/div>     <div class=\"testimmonials_starts\"><i class=\"fas fa-star\"><\/i><i class=\"fas fa-star\"><\/i><i class=\"fas fa-star\"><\/i><i class=\"fas fa-star\"><\/i><i class=\"fas fa-star\"><\/i><\/div>     <\/div>\t\t<\/div>\n\t\t\t\t<\/div>\n\t\t\t\t\t<\/div>\n\t\t<\/div>\n\t\t\t\t\t\t\t<\/div>\n\t\t<\/section>\n\t\t\t\t\t<\/div>\n\t\t<\/div>\n\t\t\t\t\t\t\t<\/div>\n\t\t<\/section>\n\t\t\t\t\t\t<\/div>\n\t\t\t\t\t<\/div>","protected":false},"excerpt":{"rendered":"<p>https:\/\/youtu.be\/rzkSTXfbqFwhttps:\/\/youtu.be\/f9ohAd1QVMghttps:\/\/youtu.be\/DcqCIgIbK5A Federica Nacci We were looking for a property. We consulted various agencies, but we decided to trust Francesco and Meri. Here we found a lot of professionalism and cordiality. Francesco was able to guide us in our search, in complete tranquility and availability, without encountering problems, and all in a very short time! Rafle Gem A truly efficient, helpful and collaborative agency. Even though I live \u2026<\/p>","protected":false},"author":1,"featured_media":0,"parent":0,"menu_order":0,"comment_status":"closed","ping_status":"closed","template":"","meta":{"om_disable_all_campaigns":false,"inline_featured_image":false,"_monsterinsights_skip_tracking":false,"_monsterinsights_sitenote_active":false,"_monsterinsights_sitenote_note":"","_monsterinsights_sitenote_category":0,"footnotes":""},"class_list":["post-20465","page","type-page","status-publish","hentry"],"yoast_head":"<!-- This site is optimized with the Yoast SEO plugin v18.5.1 - https:\/\/yoast.com\/wordpress\/plugins\/seo\/ -->\n<title>Cosa dicono di noi - Galasso Immobiliare<\/title>\n<meta name=\"robots\" content=\"index, follow, max-snippet:-1, max-image-preview:large, max-video-preview:-1\" \/>\n<link rel=\"canonical\" href=\"https:\/\/immobiliaregalasso.it\/en\/cosa-dicono-di-noi\/\" \/>\n<meta property=\"og:locale\" content=\"en_GB\" \/>\n<meta property=\"og:type\" content=\"article\" \/>\n<meta property=\"og:title\" content=\"Cosa dicono di noi - Galasso Immobiliare\" \/>\n<meta property=\"og:description\" content=\"https:\/\/youtu.be\/rzkSTXfbqFwhttps:\/\/youtu.be\/f9ohAd1QVMghttps:\/\/youtu.be\/DcqCIgIbK5A Federica Nacci Eravamo alla ricerca di un immobile. Abbiamo consultato varie agenzie, ma abbiamo deciso di affidarci, vivamente a Francesco e Meri. Qui abbiamo trovato tanta professionalit\u00e0 e cordialit\u00e0. Francesco ci ha saputo guidare nella nostra ricerca, in tutta tranquillit\u00e0 e disponibilit\u00e0, senza riscontrare problemi, e il tutto in tempo davvero brevi! Rafle Gem Un\u2019 agenzia davvero efficiente, disponibile e collaborativa. Nonostante vivo ...\" \/>\n<meta property=\"og:url\" content=\"https:\/\/immobiliaregalasso.it\/en\/cosa-dicono-di-noi\/\" \/>\n<meta property=\"og:site_name\" content=\"Galasso Immobiliare\" \/>\n<meta property=\"article:modified_time\" content=\"2022-05-03T14:08:55+00:00\" \/>\n<meta name=\"twitter:card\" content=\"summary_large_image\" \/>\n<meta name=\"twitter:label1\" content=\"Estimated reading time\" \/>\n\t<meta name=\"twitter:data1\" content=\"2 minutes\" \/>\n<script type=\"application\/ld+json\" class=\"yoast-schema-graph\">{\"@context\":\"https:\/\/schema.org\",\"@graph\":[{\"@type\":\"WebSite\",\"@id\":\"https:\/\/immobiliaregalasso.it\/#website\",\"url\":\"https:\/\/immobiliaregalasso.it\/\",\"name\":\"Galasso Immobiliare\",\"description\":\"Un nuovo sito targato WordPress\",\"potentialAction\":[{\"@type\":\"SearchAction\",\"target\":{\"@type\":\"EntryPoint\",\"urlTemplate\":\"https:\/\/immobiliaregalasso.it\/?s={search_term_string}\"},\"query-input\":\"required name=search_term_string\"}],\"inLanguage\":\"en-GB\"},{\"@type\":\"WebPage\",\"@id\":\"https:\/\/immobiliaregalasso.it\/cosa-dicono-di-noi\/#webpage\",\"url\":\"https:\/\/immobiliaregalasso.it\/cosa-dicono-di-noi\/\",\"name\":\"Cosa dicono di noi - Galasso Immobiliare\",\"isPartOf\":{\"@id\":\"https:\/\/immobiliaregalasso.it\/#website\"},\"datePublished\":\"2022-03-29T16:37:23+00:00\",\"dateModified\":\"2022-05-03T14:08:55+00:00\",\"breadcrumb\":{\"@id\":\"https:\/\/immobiliaregalasso.it\/cosa-dicono-di-noi\/#breadcrumb\"},\"inLanguage\":\"en-GB\",\"potentialAction\":[{\"@type\":\"ReadAction\",\"target\":[\"https:\/\/immobiliaregalasso.it\/cosa-dicono-di-noi\/\"]}]},{\"@type\":\"BreadcrumbList\",\"@id\":\"https:\/\/immobiliaregalasso.it\/cosa-dicono-di-noi\/#breadcrumb\",\"itemListElement\":[{\"@type\":\"ListItem\",\"position\":1,\"name\":\"Home\",\"item\":\"https:\/\/immobiliaregalasso.it\/\"},{\"@type\":\"ListItem\",\"position\":2,\"name\":\"Cosa dicono di noi\"}]}]}<\/script>\n<!-- \/ Yoast SEO plugin. -->","yoast_head_json":{"title":"Cosa dicono di noi - Galasso Immobiliare","robots":{"index":"index","follow":"follow","max-snippet":"max-snippet:-1","max-image-preview":"max-image-preview:large","max-video-preview":"max-video-preview:-1"},"canonical":"https:\/\/immobiliaregalasso.it\/en\/cosa-dicono-di-noi\/","og_locale":"en_GB","og_type":"article","og_title":"Cosa dicono di noi - Galasso Immobiliare","og_description":"https:\/\/youtu.be\/rzkSTXfbqFwhttps:\/\/youtu.be\/f9ohAd1QVMghttps:\/\/youtu.be\/DcqCIgIbK5A Federica Nacci Eravamo alla ricerca di un immobile. Abbiamo consultato varie agenzie, ma abbiamo deciso di affidarci, vivamente a Francesco e Meri. Qui abbiamo trovato tanta professionalit\u00e0 e cordialit\u00e0. Francesco ci ha saputo guidare nella nostra ricerca, in tutta tranquillit\u00e0 e disponibilit\u00e0, senza riscontrare problemi, e il tutto in tempo davvero brevi! Rafle Gem Un\u2019 agenzia davvero efficiente, disponibile e collaborativa. Nonostante vivo ...","og_url":"https:\/\/immobiliaregalasso.it\/en\/cosa-dicono-di-noi\/","og_site_name":"Galasso Immobiliare","article_modified_time":"2022-05-03T14:08:55+00:00","twitter_card":"summary_large_image","twitter_misc":{"Estimated reading time":"2 minutes"},"schema":{"@context":"https:\/\/schema.org","@graph":[{"@type":"WebSite","@id":"https:\/\/immobiliaregalasso.it\/#website","url":"https:\/\/immobiliaregalasso.it\/","name":"Galasso Immobiliare","description":"Un nuovo sito targato WordPress","potentialAction":[{"@type":"SearchAction","target":{"@type":"EntryPoint","urlTemplate":"https:\/\/immobiliaregalasso.it\/?s={search_term_string}"},"query-input":"required name=search_term_string"}],"inLanguage":"en-GB"},{"@type":"WebPage","@id":"https:\/\/immobiliaregalasso.it\/cosa-dicono-di-noi\/#webpage","url":"https:\/\/immobiliaregalasso.it\/cosa-dicono-di-noi\/","name":"Cosa dicono di noi - Galasso Immobiliare","isPartOf":{"@id":"https:\/\/immobiliaregalasso.it\/#website"},"datePublished":"2022-03-29T16:37:23+00:00","dateModified":"2022-05-03T14:08:55+00:00","breadcrumb":{"@id":"https:\/\/immobiliaregalasso.it\/cosa-dicono-di-noi\/#breadcrumb"},"inLanguage":"en-GB","potentialAction":[{"@type":"ReadAction","target":["https:\/\/immobiliaregalasso.it\/cosa-dicono-di-noi\/"]}]},{"@type":"BreadcrumbList","@id":"https:\/\/immobiliaregalasso.it\/cosa-dicono-di-noi\/#breadcrumb","itemListElement":[{"@type":"ListItem","position":1,"name":"Home","item":"https:\/\/immobiliaregalasso.it\/"},{"@type":"ListItem","position":2,"name":"Cosa dicono di noi"}]}]}},"_links":{"self":[{"href":"https:\/\/immobiliaregalasso.it\/en\/wp-json\/wp\/v2\/pages\/20465","targetHints":{"allow":["GET"]}}],"collection":[{"href":"https:\/\/immobiliaregalasso.it\/en\/wp-json\/wp\/v2\/pages"}],"about":[{"href":"https:\/\/immobiliaregalasso.it\/en\/wp-json\/wp\/v2\/types\/page"}],"author":[{"embeddable":true,"href":"https:\/\/immobiliaregalasso.it\/en\/wp-json\/wp\/v2\/users\/1"}],"replies":[{"embeddable":true,"href":"https:\/\/immobiliaregalasso.it\/en\/wp-json\/wp\/v2\/comments?post=20465"}],"version-history":[{"count":49,"href":"https:\/\/immobiliaregalasso.it\/en\/wp-json\/wp\/v2\/pages\/20465\/revisions"}],"predecessor-version":[{"id":22135,"href":"https:\/\/immobiliaregalasso.it\/en\/wp-json\/wp\/v2\/pages\/20465\/revisions\/22135"}],"wp:attachment":[{"href":"https:\/\/immobiliaregalasso.it\/en\/wp-json\/wp\/v2\/media?parent=20465"}],"curies":[{"name":"wp","href":"https:\/\/api.w.org\/{rel}","templated":true}]}}